{"id":10,"date":"2016-01-18T09:38:00","date_gmt":"2016-01-18T09:38:00","guid":{"rendered":"http:\/\/srilanka-adventure.com\/de\/?page_id=10"},"modified":"2022-08-31T16:13:45","modified_gmt":"2022-08-31T14:13:45","slug":"impressum","status":"publish","type":"page","link":"https:\/\/srilanka-adventure.com\/de\/impressum\/","title":{"rendered":"Impressum"},"content":{"rendered":"<p>F\u00fcr diese Website verantwortlicher Herausgeber:<\/p>\n<h3>Nimal Ferdinando<\/h3>\n<h4>Unsere Kontaktdaten<\/h4>\n<p>Croose Watta 630, II Lane<br \/>\nKotugoda<br \/>\nSri Lanka<\/p>\n<p>E-Mail:\u00a0\u00a0<span id=\"cloak40570\"><a href=\"&#x6d;&#x61;&#x69;&#108;&#116;o:&#x69;&#x6e;&#x66;&#x6f;&#64;&#115;ri&#x6c;&#x61;&#x6e;&#107;&#97;&#45;ad&#x76;&#x65;&#x6e;&#116;&#117;re&#x2e;&#x63;&#x6f;&#x6d;\">inf&#111;&#64;&#115;&#x72;&#x69;&#x6c;&#x61;&#x6e;&#x6b;a-a&#100;&#118;&#101;&#110;&#x74;&#x75;&#x72;&#x65;&#x2e;&#x63;om<\/a><\/span><br \/>\nInternet: <a href=\"http:\/\/srilanka-adventure.com\" target=\"_blank\" rel=\"noopener\">http:\/\/srilanka-adventure.com<\/a><\/p>\n<h3>Bildernachweis:<\/h3>\n<p>S\u00e4mtliche Bildrechte liegen beim Eigent\u00fcmer (soweit nicht anders angegeben, ist der Eigent\u00fcmer der Website Betreiber). Eine Verwendung bedarf der ausdr\u00fccklichen Erlaubnis durch die Fotografen.<\/p>\n<h3>Webdesign \/ Entwicklung:<\/h3>\n<p>W. Grim (Kontaktdaten, siehe Admin-C in DNS)<\/p>\n<h3>Datenschutzerkl\u00e4rung<\/h3>\n<p>Der Schutz Ihrer pers\u00f6nlichen Daten ist uns ein besonderes Anliegen. Wir verarbeiten Ihre Daten daher ausschlie\u00dflich auf Grundlage der gesetzlichen Bestimmungen (DSGVO, TKG 2003). In diesen Datenschutzinformationen informieren wir Sie \u00fcber die wichtigsten Aspekte der Datenverarbeitung im Rahmen unserer Website.<\/p>\n<h4 id=\"heading_Kontakt_mit_uns\">Kontakt mit uns<\/h4>\n<p>Wenn Sie per Formular auf der Website oder per E-Mail Kontakt mit uns aufnehmen, werden Ihre angegebenen Daten zwecks Bearbeitung der Anfrage und f\u00fcr den Fall von Anschlussfragen bei uns gespeichert. Diese Daten geben wir nicht ohne Ihre Einwilligung weiter.<\/p>\n<h4 id=\"heading_Cookies\">Cookies<\/h4>\n<p>Unsere Website verwendet so genannte Cookies. Dabei handelt es sich um kleine Textdateien, die mit Hilfe des Browsers auf Ihrem Endger\u00e4t abgelegt werden. Sie richten keinen Schaden an.<\/p>\n<p>Wir nutzen Cookies dazu, unser Angebot nutzerfreundlich zu gestalten. Einige Cookies bleiben auf Ihrem Endger\u00e4t gespeichert, bis Sie diese l\u00f6schen. Sie erm\u00f6glichen es uns, Ihren Browser beim n\u00e4chsten Besuch wiederzuerkennen.<\/p>\n<p>Wenn Sie dies nicht w\u00fcnschen, so k\u00f6nnen Sie Ihren Browser so einrichten, dass er Sie \u00fcber das Setzen von Cookies informiert und Sie dies nur im Einzelfall erlauben.<\/p>\n<p>Bei der Deaktivierung von Cookies kann die Funktionalit\u00e4t unserer Website eingeschr\u00e4nkt sein.<\/p>\n<h4 id=\"heading_Web_Analyse\">Web-Analyse<\/h4>\n<p>Diese Website benutzt Matomo, einen Webanalysedienst der auf Servern in Deutschland betrieben wird und eine Analyse der Benutzung der Website durch erm\u00f6glichen. Die durch den Cookie erzeugten Informationen \u00fcber Ihre Benutzung dieser Website (einschlie\u00dflich Ihrer <span class=\"mytool\"><a href=\"https:\/\/www.ithelps.at\/16-ip-adresse\">IP-Adresse<\/a><\/span>) wird nach Ihrer Zustimmung gespeichert.<\/p>\n<p>Die Beziehung zum Webanalyseanbieter basiert auf einem Angemessenheitsbeschluss der Europ\u00e4ischen Komission (\u201ePrivacy Shield\u201c).<\/p>\n<p>Die Datenverarbeitung erfolgt auf Basis der gesetzlichen Bestimmungen des \u00a7 96 Abs 3 TKG sowie des Art 6 Abs 1 lit a (Einwilligung) und\/oder f (berechtigtes Interesse) der DSGVO.<\/p>\n<p>Unser Anliegen im Sinne der DSGVO (berechtigtes Interesse) ist die Verbesserung unseres Angebotes und unseres Webauftritts. Da uns die Privatsph\u00e4re unserer Nutzer wichtig ist, werden die Nutzerdaten pseudonymisiert.<\/p>\n<h4 id=\"heading_Ihre_Rechte\">Ihre Rechte<\/h4>\n<p>Ihnen stehen grunds\u00e4tzlich die Rechte auf Auskunft, Berichtigung, L\u00f6schung, Einschr\u00e4nkung, Daten\u00fcbertragbarkeit, Widerruf und Widerspruch zu. Wenn Sie glauben, dass die Verarbeitung Ihrer Daten gegen das Datenschutzrecht verst\u00f6\u00dft oder Ihre datenschutzrechtlichen Anspr\u00fcche sonst in einer Weise verletzt worden sind, k\u00f6nnen Sie sich bei der Aufsichtsbeh\u00f6rde beschweren. In \u00d6sterreich ist dies die Datenschutzbeh\u00f6rde.<\/p>\n","protected":false},"excerpt":{"rendered":"<p>F\u00fcr diese Website verantwortlicher Herausgeber: Nimal Ferdinando Unsere Kontaktdaten Croose Watta 630, II Lane Kotugoda Sri Lanka E-Mail:\u00a0\u00a0&#x69;n&#x66;o&#x40;&#115;&#x72;&#105;l&#x61;n&#x6b;&#97;&#x2d;&#97;&#x64;&#118;e&#x6e;t&#x75;&#114;&#x65;&#46;&#x63;&#x6f;m Internet: http:\/\/srilanka-adventure.com Bildernachweis: S\u00e4mtliche Bildrechte liegen beim Eigent\u00fcmer (soweit nicht anders angegeben, ist der Eigent\u00fcmer der Website Betreiber). Eine Verwendung bedarf der ausdr\u00fccklichen Erlaubnis durch die Fotografen. Webdesign \/ Entwicklung: W. Grim (Kontaktdaten, siehe Admin-C in DNS) &hellip; <a href=\"https:\/\/srilanka-adventure.com\/de\/impressum\/\" class=\"more-link\"><span class=\"screen-reader-text\">\u201eImpressum\u201c<\/span> weiterlesen<\/a><\/p>\n","protected":false},"author":1,"featured_media":0,"parent":0,"menu_order":0,"comment_status":"closed","ping_status":"closed","template":"","meta":[],"_links":{"self":[{"href":"https:\/\/srilanka-adventure.com\/de\/wp-json\/wp\/v2\/pages\/10"}],"collection":[{"href":"https:\/\/srilanka-adventure.com\/de\/wp-json\/wp\/v2\/pages"}],"about":[{"href":"https:\/\/srilanka-adventure.com\/de\/wp-json\/wp\/v2\/types\/page"}],"author":[{"embeddable":true,"href":"https:\/\/srilanka-adventure.com\/de\/wp-json\/wp\/v2\/users\/1"}],"replies":[{"embeddable":true,"href":"https:\/\/srilanka-adventure.com\/de\/wp-json\/wp\/v2\/comments?post=10"}],"version-history":[{"count":9,"href":"https:\/\/srilanka-adventure.com\/de\/wp-json\/wp\/v2\/pages\/10\/revisions"}],"predecessor-version":[{"id":139,"href":"https:\/\/srilanka-adventure.com\/de\/wp-json\/wp\/v2\/pages\/10\/revisions\/139"}],"wp:attachment":[{"href":"https:\/\/srilanka-adventure.com\/de\/wp-json\/wp\/v2\/media?parent=10"}],"curies":[{"name":"wp","href":"https:\/\/api.w.org\/{rel}","templated":true}]}}